{"id":84,"date":"2014-02-10T09:43:49","date_gmt":"2014-02-10T11:43:49","guid":{"rendered":"http:\/\/www.bonini.com.br\/site\/?page_id=84"},"modified":"2020-12-21T12:59:16","modified_gmt":"2020-12-21T14:59:16","slug":"area-do-cliente","status":"publish","type":"page","link":"https:\/\/bonini.com.br\/en\/area-do-cliente\/","title":{"rendered":"\u00c1rea do Cliente"},"content":{"rendered":"<div class=\"wpb-content-wrapper\"><p>[vc_row full_width=&#8221;stretch_row&#8221; row_overlay=&#8221;gradient&#8221; row_overlay_color=&#8221;#622e85&#8243; row_overlay_color2=&#8221;rgba(98,46,133,0.1)&#8221; row_overlay_gradient_direction=&#8221;bl&#8221; row_hide_xs=&#8221;yes&#8221; css=&#8221;.vc_custom_1607722500375{margin-top: -30px !important;padding-top: 150px !important;padding-bottom: 150px !important;background-image: url(https:\/\/bonini.com.br\/site\/wp-content\/uploads\/2020\/12\/bonini-area-cliente.jpg?id=791) !important;background-position: center !important;background-repeat: no-repeat !important;background-size: cover !important;}&#8221;][vc_column][vc_custom_heading text=&#8221;\u00c1rea do Cliente&#8221; use_theme_fonts=&#8221;yes&#8221; font_container=&#8221;tag:h2|font_size:45|text_align:left|color:%23ffffff&#8221; spacing=&#8221;&#8221; transform=&#8221;uppercase&#8221; font_title_responsive=&#8221;true&#8221; text_shadow=&#8221;shadow6&#8243;][\/vc_column][\/vc_row][vc_row full_width=&#8221;stretch_row&#8221; row_overlay=&#8221;gradient&#8221; row_overlay_color=&#8221;#622e85&#8243; row_overlay_color2=&#8221;rgba(98,46,133,0.1)&#8221; row_overlay_gradient_direction=&#8221;bl&#8221; row_hide_lg=&#8221;yes&#8221; row_hide_md=&#8221;yes&#8221; row_hide_sm=&#8221;yes&#8221; css=&#8221;.vc_custom_1607722532816{margin-top: -30px !important;padding-top: 150px !important;padding-bottom: 150px !important;background-image: url(https:\/\/bonini.com.br\/site\/wp-content\/uploads\/2020\/12\/bonini-area-cliente-2.jpg?id=792) !important;background-position: center !important;background-repeat: no-repeat !important;background-size: cover !important;}&#8221; el_id=&#8221;celular&#8221;][vc_column][vc_custom_heading text=&#8221;\u00c1rea do Cliente&#8221; use_theme_fonts=&#8221;yes&#8221; font_container=&#8221;tag:h2|font_size:45|text_align:left|color:%23ffffff&#8221; spacing=&#8221;&#8221; transform=&#8221;uppercase&#8221; font_title_responsive=&#8221;true&#8221; text_shadow=&#8221;shadow6&#8243;][\/vc_column][\/vc_row][vc_row full_width=&#8221;stretch_row_content_no_spaces&#8221; row_overlay=&#8221;gradient&#8221; row_overlay_color=&#8221;#622e85&#8243; row_overlay_color2=&#8221;rgba(98,46,133,0.1)&#8221; row_overlay_gradient_direction=&#8221;bl&#8221; css=&#8221;.vc_custom_1592591096706{padding-top: 3px !important;padding-bottom: 3px !important;background-color: #622e85 !important;}&#8221;][vc_column][vc_separator color=&#8221;#622e85&#8243; thickness=&#8221;15&#8243; width_in_percentages=&#8221;yes&#8221;][\/vc_column][\/vc_row][vc_row][vc_column][vc_column_text]<\/p>\n<h6 style=\"text-align: center;\">Bem vindo \u00e0 \u00c1rea do Cliente. Preencha seu login e senha para ter acesso \u00e0s informa\u00e7\u00f5es de sua empresa.<\/h6>\n<p>[\/vc_column_text][\/vc_column][\/vc_row][vc_row css_tabs=&#8221;&#8221; css=&#8221;.vc_custom_1607722706563{padding-bottom: 100px !important;}&#8221;][vc_column][vc_column_text]<\/p>\n<p style=\"text-align: center;\">(Campo de login e senha que direciona para outra p\u00e1gina)<\/p>\n<p>[\/vc_column_text][\/vc_column][\/vc_row]<\/p>\n<\/div>","protected":false},"excerpt":{"rendered":"<p>[vc_row full_width=&#8221;stretch_row&#8221; row_overlay=&#8221;gradient&#8221; row_overlay_color=&#8221;#622e85&#8243; row_overlay_color2=&#8221;rgba(98,46,133,0.1)&#8221; row_overlay_gradient_direction=&#8221;bl&#8221; row_hide_xs=&#8221;yes&#8221; css=&#8221;.vc_custom_1607722500375{margin-top: -30px !important;padding-top: 150px !important;padding-bottom: 150px !important;background-image: url(https:\/\/bonini.com.br\/site\/wp-content\/uploads\/2020\/12\/bonini-area-cliente.jpg?id=791) !important;background-position: center !important;background-repeat: no-repeat !important;background-size: cover !important;}&#8221;][vc_column][vc_custom_heading text=&#8221;\u00c1rea do Cliente&#8221; use_theme_fonts=&#8221;yes&#8221; font_container=&#8221;tag:h2|font_size:45|text_align:left|color:%23ffffff&#8221; spacing=&#8221;&#8221; transform=&#8221;uppercase&#8221; font_title_responsive=&#8221;true&#8221; [&hellip;]<\/p>\n","protected":false},"author":4,"featured_media":0,"parent":0,"menu_order":0,"comment_status":"closed","ping_status":"closed","template":"","meta":{"footnotes":""},"class_list":["post-84","page","type-page","status-publish","hentry"],"_links":{"self":[{"href":"https:\/\/bonini.com.br\/en\/wp-json\/wp\/v2\/pages\/84","targetHints":{"allow":["GET"]}}],"collection":[{"href":"https:\/\/bonini.com.br\/en\/wp-json\/wp\/v2\/pages"}],"about":[{"href":"https:\/\/bonini.com.br\/en\/wp-json\/wp\/v2\/types\/page"}],"author":[{"embeddable":true,"href":"https:\/\/bonini.com.br\/en\/wp-json\/wp\/v2\/users\/4"}],"replies":[{"embeddable":true,"href":"https:\/\/bonini.com.br\/en\/wp-json\/wp\/v2\/comments?post=84"}],"version-history":[{"count":4,"href":"https:\/\/bonini.com.br\/en\/wp-json\/wp\/v2\/pages\/84\/revisions"}],"predecessor-version":[{"id":796,"href":"https:\/\/bonini.com.br\/en\/wp-json\/wp\/v2\/pages\/84\/revisions\/796"}],"wp:attachment":[{"href":"https:\/\/bonini.com.br\/en\/wp-json\/wp\/v2\/media?parent=84"}],"curies":[{"name":"wp","href":"https:\/\/api.w.org\/{rel}","templated":true}]}}